{"id":1217,"date":"2020-02-10T10:46:47","date_gmt":"2020-02-10T13:46:47","guid":{"rendered":"https:\/\/biolub.com.br\/blog\/?page_id=1217"},"modified":"2020-02-10T10:53:39","modified_gmt":"2020-02-10T13:53:39","slug":"qualidade","status":"publish","type":"page","link":"https:\/\/biolub.com.br\/blog\/qualidade\/","title":{"rendered":"Qualidade"},"content":{"rendered":"\n<p>A Biolub Qu\u00edmica opera de acordo com Sistemas de Gest\u00e3o que buscam ultrapassar as exig\u00eancias do mercado e os requisitos de normas internacionais.<\/p>\n\n\n\n<p>Este \u00e9 um compromisso expresso nas pol\u00edticas internas espec\u00edficas para \u00e1reas de Qualidade, Meio Ambiente, Sa\u00fade e Seguran\u00e7a,&nbsp;<em>Compliance<\/em>, entre outras, e comprovado em certifica\u00e7\u00f5es que abrangem desde os processos at\u00e9 os produtos.<\/p>\n\n\n\n<p>Acesse e confira as Pol\u00edticas e Certifica\u00e7\u00f5es vigentes:<\/p>\n\n\n\n<h2 class=\"wp-block-heading\">Sistema de Gest\u00e3o de Qualidade:<\/h2>\n\n\n\n<p>Pol\u00edtica da Qualidade:<\/p>\n\n\n\n<blockquote class=\"wp-block-quote is-layout-flow wp-block-quote-is-layout-flow\"><p> \u201cA Biolub est\u00e1 comprometida em fabricar produtos de grande aceita\u00e7\u00e3o, alcan\u00e7ando a fideliza\u00e7\u00e3o de seus clientes e desenvolvendo a compet\u00eancia de seus colaboradores, atrav\u00e9s de um Sistema eficaz de Gest\u00e3o da Qualidade\u201d  <br><\/p><\/blockquote>\n\n\n\n<p>Escopo:<\/p>\n\n\n\n<blockquote class=\"wp-block-quote is-layout-flow wp-block-quote-is-layout-flow\"><p> \u201cDesenvolvimento, Fabrica\u00e7\u00e3o e Comercializa\u00e7\u00e3o de Lubrificantes Industriais, Automotivos, Cosm\u00e9ticos, Domissanit\u00e1rios e Especialidades Qu\u00edmicas para Manuten\u00e7\u00e3o Industrial\u201d  <br><\/p><\/blockquote>\n","protected":false},"excerpt":{"rendered":"<p>A Biolub Qu\u00edmica opera de acordo com Sistemas de Gest\u00e3o que buscam ultrapassar as exig\u00eancias do mercado e os requisitos de normas internacionais. Este \u00e9 um compromisso expresso nas pol\u00edticas internas espec\u00edficas para \u00e1reas de Qualidade, Meio Ambiente, Sa\u00fade e Seguran\u00e7a,&nbsp;Compliance, entre outras, e comprovado em certifica\u00e7\u00f5es que abrangem desde os processos at\u00e9 os produtos. &#8230; <a title=\"Qualidade\" class=\"read-more\" href=\"https:\/\/biolub.com.br\/blog\/qualidade\/\" aria-label=\"Read more about Qualidade\">Ler mais<\/a><\/p>\n","protected":false},"author":3,"featured_media":0,"parent":0,"menu_order":0,"comment_status":"closed","ping_status":"closed","template":"","meta":{"footnotes":""},"class_list":["post-1217","page","type-page","status-publish"],"yoast_head":"<!-- This site is optimized with the Yoast SEO plugin v24.0 - https:\/\/yoast.com\/wordpress\/plugins\/seo\/ -->\n<title>Qualidade - Biolub - Blog<\/title>\n<meta name=\"robots\" content=\"index, follow, max-snippet:-1, max-image-preview:large, max-video-preview:-1\" \/>\n<link rel=\"canonical\" href=\"https:\/\/biolub.com.br\/blog\/qualidade\/\" \/>\n<meta property=\"og:locale\" content=\"pt_BR\" \/>\n<meta property=\"og:type\" content=\"article\" \/>\n<meta property=\"og:title\" content=\"Qualidade - Biolub - Blog\" \/>\n<meta property=\"og:description\" content=\"A Biolub Qu\u00edmica opera de acordo com Sistemas de Gest\u00e3o que buscam ultrapassar as exig\u00eancias do mercado e os requisitos de normas internacionais. Este \u00e9 um compromisso expresso nas pol\u00edticas internas espec\u00edficas para \u00e1reas de Qualidade, Meio Ambiente, Sa\u00fade e Seguran\u00e7a,&nbsp;Compliance, entre outras, e comprovado em certifica\u00e7\u00f5es que abrangem desde os processos at\u00e9 os produtos. ... Ler mais\" \/>\n<meta property=\"og:url\" content=\"https:\/\/biolub.com.br\/blog\/qualidade\/\" \/>\n<meta property=\"og:site_name\" content=\"Biolub - Blog\" \/>\n<meta property=\"article:publisher\" content=\"https:\/\/www.facebook.com\/biolubquimica\/\" \/>\n<meta property=\"article:modified_time\" content=\"2020-02-10T13:53:39+00:00\" \/>\n<meta name=\"twitter:card\" content=\"summary_large_image\" \/>\n<meta name=\"twitter:label1\" content=\"Est. tempo de leitura\" \/>\n\t<meta name=\"twitter:data1\" content=\"1 minuto\" \/>\n<script type=\"application\/ld+json\" class=\"yoast-schema-graph\">{\"@context\":\"https:\/\/schema.org\",\"@graph\":[{\"@type\":\"WebPage\",\"@id\":\"https:\/\/biolub.com.br\/blog\/qualidade\/\",\"url\":\"https:\/\/biolub.com.br\/blog\/qualidade\/\",\"name\":\"Qualidade - Biolub - Blog\",\"isPartOf\":{\"@id\":\"https:\/\/biolub.com.br\/blog\/#website\"},\"datePublished\":\"2020-02-10T13:46:47+00:00\",\"dateModified\":\"2020-02-10T13:53:39+00:00\",\"breadcrumb\":{\"@id\":\"https:\/\/biolub.com.br\/blog\/qualidade\/#breadcrumb\"},\"inLanguage\":\"pt-BR\",\"potentialAction\":[{\"@type\":\"ReadAction\",\"target\":[\"https:\/\/biolub.com.br\/blog\/qualidade\/\"]}]},{\"@type\":\"BreadcrumbList\",\"@id\":\"https:\/\/biolub.com.br\/blog\/qualidade\/#breadcrumb\",\"itemListElement\":[{\"@type\":\"ListItem\",\"position\":1,\"name\":\"In\u00edcio\",\"item\":\"https:\/\/biolub.com.br\/blog\/\"},{\"@type\":\"ListItem\",\"position\":2,\"name\":\"Qualidade\"}]},{\"@type\":\"WebSite\",\"@id\":\"https:\/\/biolub.com.br\/blog\/#website\",\"url\":\"https:\/\/biolub.com.br\/blog\/\",\"name\":\"Biolub - Blog\",\"description\":\"A solu\u00e7\u00e3o perfeita em lubrifica\u00e7\u00e3o industrial e especialidades qu\u00edmicas.\",\"publisher\":{\"@id\":\"https:\/\/biolub.com.br\/blog\/#organization\"},\"potentialAction\":[{\"@type\":\"SearchAction\",\"target\":{\"@type\":\"EntryPoint\",\"urlTemplate\":\"https:\/\/biolub.com.br\/blog\/?s={search_term_string}\"},\"query-input\":{\"@type\":\"PropertyValueSpecification\",\"valueRequired\":true,\"valueName\":\"search_term_string\"}}],\"inLanguage\":\"pt-BR\"},{\"@type\":\"Organization\",\"@id\":\"https:\/\/biolub.com.br\/blog\/#organization\",\"name\":\"Biolub Qu\u00edmica\",\"url\":\"https:\/\/biolub.com.br\/blog\/\",\"logo\":{\"@type\":\"ImageObject\",\"inLanguage\":\"pt-BR\",\"@id\":\"https:\/\/biolub.com.br\/blog\/#\/schema\/logo\/image\/\",\"url\":\"https:\/\/biolub.com.br\/blog\/wp-content\/uploads\/2018\/04\/LOGO_BIOLUB_BQL.png\",\"contentUrl\":\"https:\/\/biolub.com.br\/blog\/wp-content\/uploads\/2018\/04\/LOGO_BIOLUB_BQL.png\",\"width\":600,\"height\":649,\"caption\":\"Biolub Qu\u00edmica\"},\"image\":{\"@id\":\"https:\/\/biolub.com.br\/blog\/#\/schema\/logo\/image\/\"},\"sameAs\":[\"https:\/\/www.facebook.com\/biolubquimica\/\",\"https:\/\/www.linkedin.com\/company\/biolub\/\",\"https:\/\/www.youtube.com\/channel\/UCr9QX8iyagbE_O6XuentjXQ\"]}]}<\/script>\n<!-- \/ Yoast SEO plugin. -->","yoast_head_json":{"title":"Qualidade - Biolub - Blog","robots":{"index":"index","follow":"follow","max-snippet":"max-snippet:-1","max-image-preview":"max-image-preview:large","max-video-preview":"max-video-preview:-1"},"canonical":"https:\/\/biolub.com.br\/blog\/qualidade\/","og_locale":"pt_BR","og_type":"article","og_title":"Qualidade - Biolub - Blog","og_description":"A Biolub Qu\u00edmica opera de acordo com Sistemas de Gest\u00e3o que buscam ultrapassar as exig\u00eancias do mercado e os requisitos de normas internacionais. Este \u00e9 um compromisso expresso nas pol\u00edticas internas espec\u00edficas para \u00e1reas de Qualidade, Meio Ambiente, Sa\u00fade e Seguran\u00e7a,&nbsp;Compliance, entre outras, e comprovado em certifica\u00e7\u00f5es que abrangem desde os processos at\u00e9 os produtos. ... Ler mais","og_url":"https:\/\/biolub.com.br\/blog\/qualidade\/","og_site_name":"Biolub - Blog","article_publisher":"https:\/\/www.facebook.com\/biolubquimica\/","article_modified_time":"2020-02-10T13:53:39+00:00","twitter_card":"summary_large_image","twitter_misc":{"Est. tempo de leitura":"1 minuto"},"schema":{"@context":"https:\/\/schema.org","@graph":[{"@type":"WebPage","@id":"https:\/\/biolub.com.br\/blog\/qualidade\/","url":"https:\/\/biolub.com.br\/blog\/qualidade\/","name":"Qualidade - Biolub - Blog","isPartOf":{"@id":"https:\/\/biolub.com.br\/blog\/#website"},"datePublished":"2020-02-10T13:46:47+00:00","dateModified":"2020-02-10T13:53:39+00:00","breadcrumb":{"@id":"https:\/\/biolub.com.br\/blog\/qualidade\/#breadcrumb"},"inLanguage":"pt-BR","potentialAction":[{"@type":"ReadAction","target":["https:\/\/biolub.com.br\/blog\/qualidade\/"]}]},{"@type":"BreadcrumbList","@id":"https:\/\/biolub.com.br\/blog\/qualidade\/#breadcrumb","itemListElement":[{"@type":"ListItem","position":1,"name":"In\u00edcio","item":"https:\/\/biolub.com.br\/blog\/"},{"@type":"ListItem","position":2,"name":"Qualidade"}]},{"@type":"WebSite","@id":"https:\/\/biolub.com.br\/blog\/#website","url":"https:\/\/biolub.com.br\/blog\/","name":"Biolub - Blog","description":"A solu\u00e7\u00e3o perfeita em lubrifica\u00e7\u00e3o industrial e especialidades qu\u00edmicas.","publisher":{"@id":"https:\/\/biolub.com.br\/blog\/#organization"},"potentialAction":[{"@type":"SearchAction","target":{"@type":"EntryPoint","urlTemplate":"https:\/\/biolub.com.br\/blog\/?s={search_term_string}"},"query-input":{"@type":"PropertyValueSpecification","valueRequired":true,"valueName":"search_term_string"}}],"inLanguage":"pt-BR"},{"@type":"Organization","@id":"https:\/\/biolub.com.br\/blog\/#organization","name":"Biolub Qu\u00edmica","url":"https:\/\/biolub.com.br\/blog\/","logo":{"@type":"ImageObject","inLanguage":"pt-BR","@id":"https:\/\/biolub.com.br\/blog\/#\/schema\/logo\/image\/","url":"https:\/\/biolub.com.br\/blog\/wp-content\/uploads\/2018\/04\/LOGO_BIOLUB_BQL.png","contentUrl":"https:\/\/biolub.com.br\/blog\/wp-content\/uploads\/2018\/04\/LOGO_BIOLUB_BQL.png","width":600,"height":649,"caption":"Biolub Qu\u00edmica"},"image":{"@id":"https:\/\/biolub.com.br\/blog\/#\/schema\/logo\/image\/"},"sameAs":["https:\/\/www.facebook.com\/biolubquimica\/","https:\/\/www.linkedin.com\/company\/biolub\/","https:\/\/www.youtube.com\/channel\/UCr9QX8iyagbE_O6XuentjXQ"]}]}},"_links":{"self":[{"href":"https:\/\/biolub.com.br\/blog\/wp-json\/wp\/v2\/pages\/1217","targetHints":{"allow":["GET"]}}],"collection":[{"href":"https:\/\/biolub.com.br\/blog\/wp-json\/wp\/v2\/pages"}],"about":[{"href":"https:\/\/biolub.com.br\/blog\/wp-json\/wp\/v2\/types\/page"}],"author":[{"embeddable":true,"href":"https:\/\/biolub.com.br\/blog\/wp-json\/wp\/v2\/users\/3"}],"replies":[{"embeddable":true,"href":"https:\/\/biolub.com.br\/blog\/wp-json\/wp\/v2\/comments?post=1217"}],"version-history":[{"count":2,"href":"https:\/\/biolub.com.br\/blog\/wp-json\/wp\/v2\/pages\/1217\/revisions"}],"predecessor-version":[{"id":1222,"href":"https:\/\/biolub.com.br\/blog\/wp-json\/wp\/v2\/pages\/1217\/revisions\/1222"}],"wp:attachment":[{"href":"https:\/\/biolub.com.br\/blog\/wp-json\/wp\/v2\/media?parent=1217"}],"curies":[{"name":"wp","href":"https:\/\/api.w.org\/{rel}","templated":true}]}}